{"id":4899,"date":"2021-10-11T10:44:22","date_gmt":"2021-10-11T08:44:22","guid":{"rendered":"https:\/\/www.seeitechnology.com\/?page_id=4899"},"modified":"2023-05-27T20:26:20","modified_gmt":"2023-05-27T18:26:20","slug":"despre-noi","status":"publish","type":"page","link":"https:\/\/www.seeitechnology.com\/en\/despre-noi\/","title":{"rendered":"Despre SEEI"},"content":{"rendered":"<div data-elementor-type=\"wp-page\" data-elementor-id=\"4899\" class=\"elementor elementor-4899\">\n\t\t\t\t\t\t\t\t\t<section class=\"elementor-section elementor-top-section elementor-element elementor-element-cce65d8 page-title-section top-position1 elementor-section-stretched elementor-section-boxed elementor-section-height-default elementor-section-height-default\" data-id=\"cce65d8\" data-element_type=\"section\" data-settings=\"{&quot;background_background&quot;:&quot;classic&quot;,&quot;stretch_section&quot;:&quot;section-stretched&quot;}\">\n\t\t\t\t\t\t\t<div class=\"elementor-background-overlay\"><\/div>\n\t\t\t\t\t\t\t<div class=\"elementor-container elementor-column-gap-extended\">\n\t\t\t\t\t<div class=\"elementor-column elementor-col-100 elementor-top-column elementor-element elementor-element-0f31614\" data-id=\"0f31614\" data-element_type=\"column\">\n\t\t\t<div class=\"elementor-widget-wrap elementor-element-populated\">\n\t\t\t\t\t\t\t\t<div class=\"elementor-element elementor-element-5138016 mb-0 elementor-widget elementor-widget-text-editor\" data-id=\"5138016\" data-element_type=\"widget\" data-widget_type=\"text-editor.default\">\n\t\t\t\t<div class=\"elementor-widget-container\">\n\t\t\t<style>\/*! elementor - v3.12.1 - 02-04-2023 *\/\n.elementor-widget-text-editor.elementor-drop-cap-view-stacked .elementor-drop-cap{background-color:#69727d;color:#fff}.elementor-widget-text-editor.elementor-drop-cap-view-framed .elementor-drop-cap{color:#69727d;border:3px solid;background-color:transparent}.elementor-widget-text-editor:not(.elementor-drop-cap-view-default) .elementor-drop-cap{margin-top:8px}.elementor-widget-text-editor:not(.elementor-drop-cap-view-default) .elementor-drop-cap-letter{width:1em;height:1em}.elementor-widget-text-editor .elementor-drop-cap{float:left;text-align:center;line-height:1;font-size:50px}.elementor-widget-text-editor .elementor-drop-cap-letter{display:inline-block}<\/style>\t\t\t\t<h1>About us<\/h1>\n<ul>\n \t<li><a href=\"https:\/\/www.seeitechnology.com\/en\/\">SEEI<\/a><\/li>\n \t<li>About us<\/li>\n<\/ul>\t\t\t\t\t\t<\/div>\n\t\t\t\t<\/div>\n\t\t\t\t<div class=\"elementor-element elementor-element-3b827bf elementor-absolute mb-0 elementor-hidden-tablet elementor-hidden-mobile_extra elementor-hidden-mobile elementor-widget elementor-widget-text-editor\" data-id=\"3b827bf\" data-element_type=\"widget\" data-settings=\"{&quot;_position&quot;:&quot;absolute&quot;}\" data-widget_type=\"text-editor.default\">\n\t\t\t\t<div class=\"elementor-widget-container\">\n\t\t\t\t\t\t\t<div class=\"shape-two\"><\/div>\t\t\t\t\t\t<\/div>\n\t\t\t\t<\/div>\n\t\t\t\t<div class=\"elementor-element elementor-element-8d6e0bc elementor-absolute mb-0 elementor-hidden-tablet elementor-hidden-mobile_extra elementor-hidden-mobile elementor-widget elementor-widget-text-editor\" data-id=\"8d6e0bc\" data-element_type=\"widget\" data-settings=\"{&quot;_position&quot;:&quot;absolute&quot;}\" data-widget_type=\"text-editor.default\">\n\t\t\t\t<div class=\"elementor-widget-container\">\n\t\t\t\t\t\t\t<div class=\"shape-one\"><\/div>\t\t\t\t\t\t<\/div>\n\t\t\t\t<\/div>\n\t\t\t\t\t<\/div>\n\t\t<\/div>\n\t\t\t\t\t\t\t<\/div>\n\t\t<\/section>\n\t\t\t\t<section class=\"elementor-section elementor-top-section elementor-element elementor-element-1528ef7 elementor-section-stretched about-3 elementor-section-boxed elementor-section-height-default elementor-section-height-default\" data-id=\"1528ef7\" data-element_type=\"section\" data-settings=\"{&quot;stretch_section&quot;:&quot;section-stretched&quot;}\">\n\t\t\t\t\t\t<div class=\"elementor-container elementor-column-gap-extended\">\n\t\t\t\t\t<div class=\"elementor-column elementor-col-50 elementor-top-column elementor-element elementor-element-708c372\" data-id=\"708c372\" data-element_type=\"column\">\n\t\t\t<div class=\"elementor-widget-wrap elementor-element-populated\">\n\t\t\t\t\t\t\t\t<section class=\"elementor-section elementor-inner-section elementor-element elementor-element-acf1a10 elementor-section-boxed elementor-section-height-default elementor-section-height-default\" data-id=\"acf1a10\" data-element_type=\"section\">\n\t\t\t\t\t\t<div class=\"elementor-container elementor-column-gap-no\">\n\t\t\t\t\t<div class=\"elementor-column elementor-col-100 elementor-inner-column elementor-element elementor-element-821cb46\" data-id=\"821cb46\" data-element_type=\"column\">\n\t\t\t<div class=\"elementor-widget-wrap elementor-element-populated\">\n\t\t\t\t\t\t\t\t<div class=\"elementor-element elementor-element-cbcc976 mb-0 elementor-widget elementor-widget-text-editor\" data-id=\"cbcc976\" data-element_type=\"widget\" data-widget_type=\"text-editor.default\">\n\t\t\t\t<div class=\"elementor-widget-container\">\n\t\t\t\t\t\t\t<div class=\"sec-title half\">\n<h2 class=\"h1 mb-0 z-index-2 position-relative\">The best solutions for energy efficiency for your business<\/h2>\n<\/div>\t\t\t\t\t\t<\/div>\n\t\t\t\t<\/div>\n\t\t\t\t<div class=\"elementor-element elementor-element-8afce7a mb-0 elementor-widget elementor-widget-text-editor\" data-id=\"8afce7a\" data-element_type=\"widget\" data-widget_type=\"text-editor.default\">\n\t\t\t\t<div class=\"elementor-widget-container\">\n\t\t\t\t\t\t\t<div class=\"d-flex about-text mb-1-9\">\n<div class=\"flex-shrink-0\"> \t\t\t\t\t                       <i class=\"flaticon-021-recycle display-8 text-primary lh-1\"><\/i>\t\t\t\t\t\t            \t\t\t\t\t\t\t\t  \t<\/div>\n<div class=\"flex-grow-1 ms-3\">\n<h4 class=\"h5\">Our mission<\/h4>\n<p class=\"mb-0\">We want to provide high-quality, reliable, and cost-effective services to the industry.<\/p>\n\n<\/div>\n<\/div>\t\t\t\t\t\t<\/div>\n\t\t\t\t<\/div>\n\t\t\t\t<div class=\"elementor-element elementor-element-a6d2b97 mb-0 elementor-widget elementor-widget-text-editor\" data-id=\"a6d2b97\" data-element_type=\"widget\" data-widget_type=\"text-editor.default\">\n\t\t\t\t<div class=\"elementor-widget-container\">\n\t\t\t\t\t\t\t<div class=\"d-flex about-text mb-1-9\">\n<div class=\"flex-shrink-0\">                  \t\t\t\t\t                            \t<i class=\"flaticon-024-ecology-1 display-8 text-primary lh-1\"><\/i>\t\t\t\t\t\t            \t\t\t\t\t\t\t\t  \t<\/div>\n<div class=\"flex-grow-1 ms-3\">\n<h4 class=\"h5\">Our vision<\/h4>\n<p class=\"mb-0\">We want to become the main supplier of innovative and efficient engineering solutions for the industry in Romania, offering superior quality and value to our customers.<\/p>\n<\/div>\n<\/div>\t\t\t\t\t\t<\/div>\n\t\t\t\t<\/div>\n\t\t\t\t<div class=\"elementor-element elementor-element-567766f mb-0 elementor-widget elementor-widget-text-editor\" data-id=\"567766f\" data-element_type=\"widget\" data-widget_type=\"text-editor.default\">\n\t\t\t\t<div class=\"elementor-widget-container\">\n\t\t\t\t\t\t\t<a class=\"btn-style2\" href=\"https:\/\/www.seeitechnology.com\/en\/servicii\/\">\nRead more<\/a>\t\t\t\t\t\t<\/div>\n\t\t\t\t<\/div>\n\t\t\t\t\t<\/div>\n\t\t<\/div>\n\t\t\t\t\t\t\t<\/div>\n\t\t<\/section>\n\t\t\t\t\t<\/div>\n\t\t<\/div>\n\t\t\t\t<div class=\"elementor-column elementor-col-50 elementor-top-column elementor-element elementor-element-867b0b8\" data-id=\"867b0b8\" data-element_type=\"column\">\n\t\t\t<div class=\"elementor-widget-wrap elementor-element-populated\">\n\t\t\t\t\t\t\t\t<div class=\"elementor-element elementor-element-1e5ec52 elementor-align-left elementor-widget elementor-widget-wl-about-image-v2\" data-id=\"1e5ec52\" data-element_type=\"widget\" data-widget_type=\"wl-about-image-v2.default\">\n\t\t\t\t<div class=\"elementor-widget-container\">\n\t\t\t\n\t\t<!-- ABOUT IMAGE V2\n        ================================================== -->  \n\t\t<div class=\"position-relative ms-lg-5 about-img\">\n\t\t\t<div class=\"text-center text-sm-end pb-sm-17\">\n\t\t\t\t                   \t<img decoding=\"async\" src=\"https:\/\/www.seeitechnology.com\/wp-content\/uploads\/2023\/02\/about4.jpg\" alt=\"About image1\">\n                \t\t\t<\/div>\n\t\t\t\n\t\t\t            \t<img decoding=\"async\" src=\"https:\/\/www.seeitechnology.com\/wp-content\/uploads\/2023\/02\/about5.jpg\" class=\"position-absolute bottom-0 d-none d-sm-block\" alt=\"About image2\">\n            \n\t\t\t<div class=\"about-img-content d-none d-sm-block\">\n\n\t\t\t\t                \t<h3 class=\"h4 mb-3\">Energy experts and energy services\n<\/h3>\n            \t\n\t\t\t\t\n\t\t\t\t<div>\n\t\t\t\t\t                    \t<img decoding=\"async\" src=\"https:\/\/www.seeitechnology.com\/wp-content\/uploads\/2023\/01\/SEEI-Logo-documente.png\" alt=\"About image4\">\n                    \t\t\t\t<\/div>\n\t\t\t<\/div>\n\t\t<\/div>\n\n\t\t\t<\/div>\n\t\t\t\t<\/div>\n\t\t\t\t\t<\/div>\n\t\t<\/div>\n\t\t\t\t\t\t\t<\/div>\n\t\t<\/section>\n\t\t\t\t<section class=\"elementor-section elementor-top-section elementor-element elementor-element-0785cc5 elementor-section-full_width elementor-section-stretched save-money overflow-visible elementor-section-height-default elementor-section-height-default\" data-id=\"0785cc5\" data-element_type=\"section\" data-settings=\"{&quot;stretch_section&quot;:&quot;section-stretched&quot;,&quot;background_background&quot;:&quot;classic&quot;}\">\n\t\t\t\t\t\t\t<div class=\"elementor-background-overlay\"><\/div>\n\t\t\t\t\t\t\t<div class=\"elementor-container elementor-column-gap-no\">\n\t\t\t\t\t<div class=\"elementor-column elementor-col-100 elementor-top-column elementor-element elementor-element-f1b1cfb\" data-id=\"f1b1cfb\" data-element_type=\"column\">\n\t\t\t<div class=\"elementor-widget-wrap elementor-element-populated\">\n\t\t\t\t\t\t\t\t<section class=\"elementor-section elementor-inner-section elementor-element elementor-element-094cb5f elementor-section-content-middle elementor-section-boxed elementor-section-height-default elementor-section-height-default\" data-id=\"094cb5f\" data-element_type=\"section\">\n\t\t\t\t\t\t<div class=\"elementor-container elementor-column-gap-extended\">\n\t\t\t\t\t<div class=\"elementor-column elementor-col-50 elementor-inner-column elementor-element elementor-element-d0d9885 elementor-invisible\" data-id=\"d0d9885\" data-element_type=\"column\" data-settings=\"{&quot;animation&quot;:&quot;fadeIn&quot;,&quot;animation_delay&quot;:200}\">\n\t\t\t<div class=\"elementor-widget-wrap elementor-element-populated\">\n\t\t\t\t\t\t\t\t<div class=\"elementor-element elementor-element-5d26b70 mb-0 elementor-widget elementor-widget-text-editor\" data-id=\"5d26b70\" data-element_type=\"widget\" data-widget_type=\"text-editor.default\">\n\t\t\t\t<div class=\"elementor-widget-container\">\n\t\t\t\t\t\t\t<div class=\"sec-title half wow fadeIn\" style=\"visibility: visible; animation-delay: 100ms; animation-name: fadeIn;\" data-wow-delay=\"100ms\">\n\n<span class=\"white\">Save money, save the planet!<\/span>\n<h2 class=\"h1 mb-0 text-white\">Optimize your energy consumption and reduce operational costs.<\/h2>\n<\/div>\t\t\t\t\t\t<\/div>\n\t\t\t\t<\/div>\n\t\t\t\t\t<\/div>\n\t\t<\/div>\n\t\t\t\t<div class=\"elementor-column elementor-col-50 elementor-inner-column elementor-element elementor-element-061aeb1\" data-id=\"061aeb1\" data-element_type=\"column\">\n\t\t\t<div class=\"elementor-widget-wrap elementor-element-populated\">\n\t\t\t\t\t\t\t\t<div class=\"elementor-element elementor-element-7733785 mb-0 elementor-widget elementor-widget-text-editor\" data-id=\"7733785\" data-element_type=\"widget\" data-widget_type=\"text-editor.default\">\n\t\t\t\t<div class=\"elementor-widget-container\">\n\t\t\t\t\t\t\t<div class=\"row text-center\">\n<div class=\"col-sm-4 wow fadeInRight mb-1-9 mb-md-0\" style=\"visibility: visible; animation-delay: 200ms; animation-name: fadeInRight;\" data-wow-delay=\"200ms\"><span class=\"flaticon-031-plant-1 mb-3 display-3 text-white d-inline-block\"><\/span>\n<h3 class=\"mb-0 h5 text-white\">Innovative solutions<\/h3>\n<\/div>\n<div class=\"col-sm-4 wow fadeInRight mb-1-9 mb-md-0\" style=\"visibility: visible; animation-delay: 350ms; animation-name: fadeInRight;\" data-wow-delay=\"350ms\"><span class=\"flaticon-042-solar-panel mb-3 display-3 text-white d-inline-block\"><\/span>\n<h3 class=\"mb-0 h5 text-white\">Tailored solution<\/h3>\n<\/div>\n<div class=\"col-sm-4 wow fadeInRight\" style=\"visibility: visible; animation-delay: 500ms; animation-name: fadeInRight;\" data-wow-delay=\"500ms\"><span class=\"flaticon-041-barrel mb-3 display-3 text-white d-inline-block\"><\/span>\n<h3 class=\"mb-0 h5 text-white\">Complete solutions<\/h3>\n<\/div>\n<\/div>\t\t\t\t\t\t<\/div>\n\t\t\t\t<\/div>\n\t\t\t\t\t<\/div>\n\t\t<\/div>\n\t\t\t\t\t\t\t<\/div>\n\t\t<\/section>\n\t\t\t\t<section class=\"elementor-section elementor-inner-section elementor-element elementor-element-71c12e0 elementor-section-boxed elementor-section-height-default elementor-section-height-default elementor-invisible\" data-id=\"71c12e0\" data-element_type=\"section\" data-settings=\"{&quot;animation&quot;:&quot;fadeIn&quot;,&quot;animation_delay&quot;:200}\">\n\t\t\t\t\t\t<div class=\"elementor-container elementor-column-gap-extended\">\n\t\t\t\t\t<div class=\"elementor-column elementor-col-50 elementor-inner-column elementor-element elementor-element-e514f3c\" data-id=\"e514f3c\" data-element_type=\"column\">\n\t\t\t<div class=\"elementor-widget-wrap elementor-element-populated\">\n\t\t\t\t\t\t\t\t<div class=\"elementor-element elementor-element-4e14cfb mb-0 elementor-widget elementor-widget-text-editor\" data-id=\"4e14cfb\" data-element_type=\"widget\" data-widget_type=\"text-editor.default\">\n\t\t\t\t<div class=\"elementor-widget-container\">\n\t\t\t\t\t\t\t<ul class=\"list-unstyled mb-0\"><li class=\"mb-3 text-white\"><i class=\"far fa-envelope display-25 me-4\"><\/i>office@seeitechnology.com<\/li><li class=\"mb-3 text-white\"><i class=\"fas fa-mobile-alt display-25 me-4\"><\/i>+40 372 902 854<\/li><li class=\"text-white\"><i class=\"fas fa-map-marker-alt display-25 me-4\"><\/i>Turturicii 3, Cluj-Napoca, 400365, Romania<\/li><\/ul>\t\t\t\t\t\t<\/div>\n\t\t\t\t<\/div>\n\t\t\t\t\t<\/div>\n\t\t<\/div>\n\t\t\t\t<div class=\"elementor-column elementor-col-50 elementor-inner-column elementor-element elementor-element-f2c4f6b video-img\" data-id=\"f2c4f6b\" data-element_type=\"column\">\n\t\t\t<div class=\"elementor-widget-wrap elementor-element-populated\">\n\t\t\t\t\t\t\t\t<div class=\"elementor-element elementor-element-96bcaa5 position-relative elementor-widget elementor-widget-image\" data-id=\"96bcaa5\" data-element_type=\"widget\" data-widget_type=\"image.default\">\n\t\t\t\t<div class=\"elementor-widget-container\">\n\t\t\t<style>\/*! elementor - v3.12.1 - 02-04-2023 *\/\n.elementor-widget-image{text-align:center}.elementor-widget-image a{display:inline-block}.elementor-widget-image a img[src$=\".svg\"]{width:48px}.elementor-widget-image img{vertical-align:middle;display:inline-block}<\/style>\t\t\t\t\t\t\t\t\t\t\t\t\t<a href=\"https:\/\/youtu.be\/D11iFUw_ImU\" target=\"_blank\" rel=\"noopener\">\n\t\t\t\t\t\t\t<img decoding=\"async\" src=\"https:\/\/www.seeitechnology.com\/wp-content\/uploads\/2023\/04\/9de2caeb-9dba-4946-a80b-879c4ad975b5.jpg\" title=\"9de2caeb-9dba-4946-a80b-879c4ad975b5\" alt=\"9de2caeb-9dba-4946-a80b-879c4ad975b5\" loading=\"lazy\" \/>\t\t\t\t\t\t\t\t<\/a>\n\t\t\t\t\t\t\t\t\t\t\t\t\t\t\t<\/div>\n\t\t\t\t<\/div>\n\t\t\t\t<div class=\"elementor-element elementor-element-4d5c565 elementor-absolute mb-0 elementor-widget elementor-widget-text-editor\" data-id=\"4d5c565\" data-element_type=\"widget\" data-settings=\"{&quot;_position&quot;:&quot;absolute&quot;}\" data-widget_type=\"text-editor.default\">\n\t\t\t\t<div class=\"elementor-widget-container\">\n\t\t\t\t\t\t\t<div class=\"story-video position-absolute align-items-center left-5 bottom-10 d-flex\">\n                            \t                                   \t<a class=\"video video_btn small\" href=\"https:\/\/www.youtube.com\/watch?v=JtvGljl_21g\" target=\"_blank\" rel=\"noopener\"><i class=\"fas fa-play\"><\/i><\/a>\n                                                                \t\t\t                    \t<p class=\"text-white mb-0 ms-2-3 fw-bold\">Play<\/p>\n\t\t\t                                                <\/div>\t\t\t\t\t\t<\/div>\n\t\t\t\t<\/div>\n\t\t\t\t\t<\/div>\n\t\t<\/div>\n\t\t\t\t\t\t\t<\/div>\n\t\t<\/section>\n\t\t\t\t\t<\/div>\n\t\t<\/div>\n\t\t\t\t\t\t\t<\/div>\n\t\t<\/section>\n\t\t\t\t<section class=\"elementor-section elementor-top-section elementor-element elementor-element-b06beeb elementor-section-stretched elementor-section-full_width bg-light elementor-section-height-default elementor-section-height-default\" data-id=\"b06beeb\" data-element_type=\"section\" data-settings=\"{&quot;stretch_section&quot;:&quot;section-stretched&quot;}\">\n\t\t\t\t\t\t<div class=\"elementor-container elementor-column-gap-no\">\n\t\t\t\t\t<div class=\"elementor-column elementor-col-100 elementor-top-column elementor-element elementor-element-e05428c\" data-id=\"e05428c\" data-element_type=\"column\">\n\t\t\t<div class=\"elementor-widget-wrap elementor-element-populated\">\n\t\t\t\t\t\t\t\t<div class=\"elementor-element elementor-element-f851a22 elementor-widget__width-auto mb-0 elementor-widget elementor-widget-text-editor\" data-id=\"f851a22\" data-element_type=\"widget\" data-widget_type=\"text-editor.default\">\n\t\t\t\t<div class=\"elementor-widget-container\">\n\t\t\t\t\t\t\t<div class=\"team-shape1 d-none d-md-block\"><\/div>\t\t\t\t\t\t<\/div>\n\t\t\t\t<\/div>\n\t\t\t\t<div class=\"elementor-element elementor-element-56be783 elementor-widget__width-auto mb-0 elementor-widget elementor-widget-text-editor\" data-id=\"56be783\" data-element_type=\"widget\" data-widget_type=\"text-editor.default\">\n\t\t\t\t<div class=\"elementor-widget-container\">\n\t\t\t\t\t\t\t<div class=\"team-shape2 d-none d-md-block\"><\/div>\t\t\t\t\t\t<\/div>\n\t\t\t\t<\/div>\n\t\t\t\t\t<\/div>\n\t\t<\/div>\n\t\t\t\t\t\t\t<\/div>\n\t\t<\/section>\n\t\t\t\t<section class=\"elementor-section elementor-top-section elementor-element elementor-element-a1c0327 elementor-section-boxed elementor-section-height-default elementor-section-height-default\" data-id=\"a1c0327\" data-element_type=\"section\">\n\t\t\t\t\t\t<div class=\"elementor-container elementor-column-gap-default\">\n\t\t\t\t\t<div class=\"elementor-column elementor-col-100 elementor-top-column elementor-element elementor-element-dcba66c\" data-id=\"dcba66c\" data-element_type=\"column\">\n\t\t\t<div class=\"elementor-widget-wrap elementor-element-populated\">\n\t\t\t\t\t\t\t\t<div class=\"elementor-element elementor-element-066ba7e elementor-widget elementor-widget-spacer\" data-id=\"066ba7e\" data-element_type=\"widget\" data-widget_type=\"spacer.default\">\n\t\t\t\t<div class=\"elementor-widget-container\">\n\t\t\t<style>\/*! elementor - v3.12.1 - 02-04-2023 *\/\n.elementor-column .elementor-spacer-inner{height:var(--spacer-size)}.e-con{--container-widget-width:100%}.e-con-inner>.elementor-widget-spacer,.e-con>.elementor-widget-spacer{width:var(--container-widget-width,var(--spacer-size));--align-self:var(--container-widget-align-self,initial);--flex-shrink:0}.e-con-inner>.elementor-widget-spacer>.elementor-widget-container,.e-con-inner>.elementor-widget-spacer>.elementor-widget-container>.elementor-spacer,.e-con>.elementor-widget-spacer>.elementor-widget-container,.e-con>.elementor-widget-spacer>.elementor-widget-container>.elementor-spacer{height:100%}.e-con-inner>.elementor-widget-spacer>.elementor-widget-container>.elementor-spacer>.elementor-spacer-inner,.e-con>.elementor-widget-spacer>.elementor-widget-container>.elementor-spacer>.elementor-spacer-inner{height:var(--container-widget-height,var(--spacer-size))}<\/style>\t\t<div class=\"elementor-spacer\">\n\t\t\t<div class=\"elementor-spacer-inner\"><\/div>\n\t\t<\/div>\n\t\t\t\t<\/div>\n\t\t\t\t<\/div>\n\t\t\t\t\t<\/div>\n\t\t<\/div>\n\t\t\t\t\t\t\t<\/div>\n\t\t<\/section>\n\t\t\t\t\t\t\t<\/div>","protected":false},"excerpt":{"rendered":"<p>Despre noi SEEI Despre noi Cele mai bune solu\u021bii de eficien\u021b\u0103 energetic\u0103 pentru afacerea ta Misiunea noastr\u0103 Ne dorim sa furnizam servicii de \u00eenalt\u0103 calitate, fiabile \u0219i eficiente din punct de vedere al costurilor industriei din Rom\u00e2nia. Viziunea noastr\u0103 Vrem sa devenim furnizorul principal al solu\u021biilor de inginerie inovatoare \u0219i eficiente pentru industria din Rom\u00e2nia, [&hellip;]<\/p>","protected":false},"author":1,"featured_media":0,"parent":0,"menu_order":0,"comment_status":"closed","ping_status":"closed","template":"page-templates\/home.php","meta":{"footnotes":""},"_links":{"self":[{"href":"https:\/\/www.seeitechnology.com\/en\/wp-json\/wp\/v2\/pages\/4899"}],"collection":[{"href":"https:\/\/www.seeitechnology.com\/en\/wp-json\/wp\/v2\/pages"}],"about":[{"href":"https:\/\/www.seeitechnology.com\/en\/wp-json\/wp\/v2\/types\/page"}],"author":[{"embeddable":true,"href":"https:\/\/www.seeitechnology.com\/en\/wp-json\/wp\/v2\/users\/1"}],"replies":[{"embeddable":true,"href":"https:\/\/www.seeitechnology.com\/en\/wp-json\/wp\/v2\/comments?post=4899"}],"version-history":[{"count":174,"href":"https:\/\/www.seeitechnology.com\/en\/wp-json\/wp\/v2\/pages\/4899\/revisions"}],"predecessor-version":[{"id":13675,"href":"https:\/\/www.seeitechnology.com\/en\/wp-json\/wp\/v2\/pages\/4899\/revisions\/13675"}],"wp:attachment":[{"href":"https:\/\/www.seeitechnology.com\/en\/wp-json\/wp\/v2\/media?parent=4899"}],"curies":[{"name":"wp","href":"https:\/\/api.w.org\/{rel}","templated":true}]}}