{"id":13810,"date":"2023-06-09T21:11:18","date_gmt":"2023-06-09T19:11:18","guid":{"rendered":"https:\/\/www.seeitechnology.com\/?page_id=13810"},"modified":"2023-07-31T11:10:21","modified_gmt":"2023-07-31T09:10:21","slug":"politica-de-cookie","status":"publish","type":"page","link":"https:\/\/www.seeitechnology.com\/en\/politica-de-cookie\/","title":{"rendered":"Politica de cookie a companiei"},"content":{"rendered":"<div data-elementor-type=\"wp-page\" data-elementor-id=\"13810\" class=\"elementor elementor-13810\">\n\t\t\t\t\t\t\t\t\t<section class=\"elementor-section elementor-top-section elementor-element elementor-element-044dd8e elementor-section-boxed elementor-section-height-default elementor-section-height-default\" data-id=\"044dd8e\" data-element_type=\"section\">\n\t\t\t\t\t\t<div class=\"elementor-container elementor-column-gap-default\">\n\t\t\t\t\t<div class=\"elementor-column elementor-col-100 elementor-top-column elementor-element elementor-element-0c611aa\" data-id=\"0c611aa\" data-element_type=\"column\">\n\t\t\t<div class=\"elementor-widget-wrap elementor-element-populated\">\n\t\t\t\t\t\t\t\t<div class=\"elementor-element elementor-element-565abbf elementor-widget elementor-widget-text-editor\" data-id=\"565abbf\" data-element_type=\"widget\" data-widget_type=\"text-editor.default\">\n\t\t\t\t<div class=\"elementor-widget-container\">\n\t\t\t<style>\/*! elementor - v3.12.1 - 02-04-2023 *\/\n.elementor-widget-text-editor.elementor-drop-cap-view-stacked .elementor-drop-cap{background-color:#69727d;color:#fff}.elementor-widget-text-editor.elementor-drop-cap-view-framed .elementor-drop-cap{color:#69727d;border:3px solid;background-color:transparent}.elementor-widget-text-editor:not(.elementor-drop-cap-view-default) .elementor-drop-cap{margin-top:8px}.elementor-widget-text-editor:not(.elementor-drop-cap-view-default) .elementor-drop-cap-letter{width:1em;height:1em}.elementor-widget-text-editor .elementor-drop-cap{float:left;text-align:center;line-height:1;font-size:50px}.elementor-widget-text-editor .elementor-drop-cap-letter{display:inline-block}<\/style>\t\t\t\t<h1>Politica de cookie a companiei SEEI TECHNOLOGY S.R.L.<\/h1><p>Ultima actualizare: 01.05.2023<\/p><p>Bun venit pe pagina Politicii de cookie a companiei SEEI TECHNOLOGY S.R.L. (&#8222;noi&#8221;, &#8222;ne&#8221; sau &#8222;compania&#8221;). Aceast\u0103 pagin\u0103 v\u0103 explic\u0103 cum utiliz\u0103m cookie-urile \u0219i tehnologiile similare pe website-ul nostru [insera\u021bi adresa website-ului].<\/p><h5>Ce sunt cookie-urile?<\/h5><p>Cookie-urile sunt fi\u0219iere mici de text pe care un website le stocheaz\u0103 pe computerul sau dispozitivul dumneavoastr\u0103 atunci c\u00e2nd \u00eel vizita\u021bi. Aceste fi\u0219iere permit website-ului s\u0103-\u0219i aminteasc\u0103 ac\u021biunile \u0219i preferin\u021bele dumneavoastr\u0103 de-a lungul timpului, astfel \u00eenc\u00e2t s\u0103 nu fie necesar s\u0103 le reintroduce\u021bi de fiecare dat\u0103 c\u00e2nd vizita\u021bi site-ul sau naviga\u021bi de la o pagin\u0103 la alta.<\/p><h5>Cum folosim cookie-urile?<\/h5><p>Utiliz\u0103m cookie-urile pentru a \u00eembun\u0103t\u0103\u021bi experien\u021ba utilizatorului pe website-ul nostru \u0219i pentru a colecta informa\u021bii despre modul \u00een care este utilizat. Cookie-urile ne permit s\u0103 \u00een\u021belegem \u0219i s\u0103 analiz\u0103m modul \u00een care interac\u021biona\u021bi cu site-ul nostru, ceea ce ne ajut\u0103 s\u0103 \u00eembun\u0103t\u0103\u021bim continuu con\u021binutul \u0219i serviciile pe care le oferim.<\/p><h5>Tipuri de cookie-uri utilizate<\/h5><ol><li><p>Cookie-uri esen\u021biale: Acestea sunt cookie-uri necesare pentru func\u021bionarea corect\u0103 a site-ului nostru \u0219i pentru a v\u0103 oferi serviciile pe care le solicita\u021bi. Acestea includ, de exemplu, cookie-uri care v\u0103 permit s\u0103 v\u0103 autentifica\u021bi \u00eentr-un cont sau s\u0103 ad\u0103uga\u021bi produse \u00een co\u0219ul de cump\u0103r\u0103turi.<\/p><\/li><li><p>Cookie-uri de performan\u021b\u0103: Utiliz\u0103m aceste cookie-uri pentru a colecta informa\u021bii despre modul \u00een care vizitatorii utilizeaz\u0103 site-ul nostru, cum ar fi paginile pe care le acceseaz\u0103 cel mai frecvent sau dac\u0103 \u00eent\u00e2mpin\u0103 mesaje de eroare. Aceste informa\u021bii ne ajut\u0103 s\u0103 \u00eembun\u0103t\u0103\u021bim continuu performan\u021ba site-ului nostru \u0219i experien\u021ba utilizatorului.<\/p><\/li><li><p>Cookie-uri de func\u021bionalitate: Aceste cookie-uri permit site-ului nostru s\u0103-\u0219i aminteasc\u0103 op\u021biunile pe care le-a\u021bi selectat sau preferin\u021bele dumneavoastr\u0103, astfel \u00eenc\u00e2t s\u0103 v\u0103 putem oferi o experien\u021b\u0103 mai personalizat\u0103. De exemplu, acestea pot fi utilizate pentru a v\u0103 p\u0103stra set\u0103rile de limb\u0103 sau pentru a v\u0103 oferi con\u021binutul \u00een func\u021bie de loca\u021bia dumneavoastr\u0103.<\/p><\/li><li><p>Cookie-uri de publicitate \u0219i de urm\u0103rire: Acestea sunt cookie-uri utilizate pentru a v\u0103 afi\u0219a anun\u021buri relevante pentru dumneavoastr\u0103 \u0219i interesele dumneavoastr\u0103. De asemenea, ele ne ajut\u0103 s\u0103 m\u0103sur\u0103m eficacitatea campaniilor publicitare \u0219i s\u0103 limit\u0103m num\u0103rul de afi\u0219\u0103ri ale unui anun\u021b.<\/p><\/li><\/ol><h5>Cum pute\u021bi controla cookie-urile?<\/h5><p>Pute\u021bi controla \u0219i gestiona preferin\u021bele dumneavoastr\u0103 privind cookie-urile prin intermediul set\u0103rilor browser-ului dumneavoastr\u0103. Majoritatea browserelor v\u0103 permit s\u0103 bloca\u021bi sau s\u0103 elimina\u021bi cookie-urile existente \u0219i s\u0103 seta\u021bi preferin\u021be pentru cookie-uri. Totu\u0219i, re\u021bine\u021bi c\u0103 blocarea sau \u0219tergerea cookie-urilor ar putea afecta func\u021bionalitatea site-ului nostru \u0219i experien\u021ba dumneavoastr\u0103 de utilizare.<\/p><h5>Informa\u021bii suplimentare<\/h5><p>Pentru mai multe informa\u021bii despre modul \u00een care utiliz\u0103m datele dumneavoastr\u0103 \u0219i despre drepturile dumneavoastr\u0103 privind protec\u021bia datelor, v\u0103 rug\u0103m s\u0103 consulta\u021bi Politica de confiden\u021bialitate a companiei noastre.<\/p><h5>Contacta\u021bi-ne<\/h5><p>Dac\u0103 ave\u021bi \u00eentreb\u0103ri, nel\u0103muriri sau solicit\u0103ri legate de Politica de cookie, v\u0103 rug\u0103m s\u0103 ne contacta\u021bi la adresa de e-mail <a href=\"mailto:office@seeitechnology.com\">office@seeitechnology.com<\/a>.<\/p><h5>Actualiz\u0103ri ale Politicii de cookie<\/h5><p>Aceast\u0103 pagin\u0103 a Politicii de cookie a fost actualizat\u0103 ultima dat\u0103 \u00een [data ultimei actualiz\u0103ri]. Ne rezerv\u0103m dreptul de a actualiza \u0219i modifica aceast\u0103 politic\u0103 periodic, a\u0219a c\u0103 v\u0103 recomand\u0103m s\u0103 o consulta\u021bi \u00een mod regulat pentru a fi la curent cu eventualele modific\u0103ri.<\/p>\t\t\t\t\t\t<\/div>\n\t\t\t\t<\/div>\n\t\t\t\t\t<\/div>\n\t\t<\/div>\n\t\t\t\t\t\t\t<\/div>\n\t\t<\/section>\n\t\t\t\t\t\t\t<\/div>","protected":false},"excerpt":{"rendered":"<p>Politica de cookie a companiei SEEI TECHNOLOGY S.R.L. Ultima actualizare: 01.05.2023 Bun venit pe pagina Politicii de cookie a companiei SEEI TECHNOLOGY S.R.L. (&#8222;noi&#8221;, &#8222;ne&#8221; sau &#8222;compania&#8221;). Aceast\u0103 pagin\u0103 v\u0103 explic\u0103 cum utiliz\u0103m cookie-urile \u0219i tehnologiile similare pe website-ul nostru [insera\u021bi adresa website-ului]. Ce sunt cookie-urile? Cookie-urile sunt fi\u0219iere mici de text pe care un [&hellip;]<\/p>","protected":false},"author":1,"featured_media":0,"parent":0,"menu_order":0,"comment_status":"closed","ping_status":"closed","template":"","meta":{"footnotes":""},"_links":{"self":[{"href":"https:\/\/www.seeitechnology.com\/en\/wp-json\/wp\/v2\/pages\/13810"}],"collection":[{"href":"https:\/\/www.seeitechnology.com\/en\/wp-json\/wp\/v2\/pages"}],"about":[{"href":"https:\/\/www.seeitechnology.com\/en\/wp-json\/wp\/v2\/types\/page"}],"author":[{"embeddable":true,"href":"https:\/\/www.seeitechnology.com\/en\/wp-json\/wp\/v2\/users\/1"}],"replies":[{"embeddable":true,"href":"https:\/\/www.seeitechnology.com\/en\/wp-json\/wp\/v2\/comments?post=13810"}],"version-history":[{"count":7,"href":"https:\/\/www.seeitechnology.com\/en\/wp-json\/wp\/v2\/pages\/13810\/revisions"}],"predecessor-version":[{"id":13818,"href":"https:\/\/www.seeitechnology.com\/en\/wp-json\/wp\/v2\/pages\/13810\/revisions\/13818"}],"wp:attachment":[{"href":"https:\/\/www.seeitechnology.com\/en\/wp-json\/wp\/v2\/media?parent=13810"}],"curies":[{"name":"wp","href":"https:\/\/api.w.org\/{rel}","templated":true}]}}