{"id":13802,"date":"2023-06-09T21:05:45","date_gmt":"2023-06-09T19:05:45","guid":{"rendered":"https:\/\/www.seeitechnology.com\/?page_id=13802"},"modified":"2023-07-31T11:09:31","modified_gmt":"2023-07-31T09:09:31","slug":"termeni-si-conditii","status":"publish","type":"page","link":"https:\/\/www.seeitechnology.com\/en\/termeni-si-conditii\/","title":{"rendered":"TERMENI \u0218I CONDI\u021aII"},"content":{"rendered":"<div data-elementor-type=\"wp-page\" data-elementor-id=\"13802\" class=\"elementor elementor-13802\">\n\t\t\t\t\t\t\t\t\t<section class=\"elementor-section elementor-top-section elementor-element elementor-element-044dd8e elementor-section-boxed elementor-section-height-default elementor-section-height-default\" data-id=\"044dd8e\" data-element_type=\"section\">\n\t\t\t\t\t\t<div class=\"elementor-container elementor-column-gap-default\">\n\t\t\t\t\t<div class=\"elementor-column elementor-col-100 elementor-top-column elementor-element elementor-element-0c611aa\" data-id=\"0c611aa\" data-element_type=\"column\">\n\t\t\t<div class=\"elementor-widget-wrap elementor-element-populated\">\n\t\t\t\t\t\t\t\t<div class=\"elementor-element elementor-element-565abbf elementor-widget elementor-widget-text-editor\" data-id=\"565abbf\" data-element_type=\"widget\" data-widget_type=\"text-editor.default\">\n\t\t\t\t<div class=\"elementor-widget-container\">\n\t\t\t<style>\/*! elementor - v3.12.1 - 02-04-2023 *\/\n.elementor-widget-text-editor.elementor-drop-cap-view-stacked .elementor-drop-cap{background-color:#69727d;color:#fff}.elementor-widget-text-editor.elementor-drop-cap-view-framed .elementor-drop-cap{color:#69727d;border:3px solid;background-color:transparent}.elementor-widget-text-editor:not(.elementor-drop-cap-view-default) .elementor-drop-cap{margin-top:8px}.elementor-widget-text-editor:not(.elementor-drop-cap-view-default) .elementor-drop-cap-letter{width:1em;height:1em}.elementor-widget-text-editor .elementor-drop-cap{float:left;text-align:center;line-height:1;font-size:50px}.elementor-widget-text-editor .elementor-drop-cap-letter{display:inline-block}<\/style>\t\t\t\t<h1>TERMENI \u0218I CONDI\u021aII<\/h1><p>Ultima actualizare: 01.05.2023<\/p><p>V\u0103 rug\u0103m s\u0103 citi\u021bi cu aten\u021bie ace\u0219ti Termeni \u0219i Condi\u021bii (&#8222;Termeni&#8221;) \u00eenainte de a utiliza site-ul web al companiei SEEI TECHNOLOGY S.R.L. (&#8222;Compania&#8221;, &#8222;Noi&#8221;, &#8222;Nostru&#8221;). Acces\u00e2nd sau utiliz\u00e2nd \u00een orice mod site-ul nostru web, sunte\u021bi de acord s\u0103 respecta\u021bi \u0219i s\u0103 fi\u021bi obligat de ace\u0219ti Termeni. Dac\u0103 nu sunte\u021bi de acord cu ace\u0219ti Termeni, v\u0103 rug\u0103m s\u0103 nu utiliza\u021bi site-ul nostru web.<\/p><h5>1.Utilizarea site-ului web<\/h5><p>1.1 Drepturile de proprietate intelectual\u0103<\/p><p>Toate drepturile de proprietate intelectual\u0103 asupra con\u021binutului \u0219i designului site-ului nostru web sunt de\u021binute de Companie sau de furnizorii no\u0219tri ter\u021bi de con\u021binut, \u00een func\u021bie de caz. Este interzis\u0103 reproducerea, distribuirea, modificarea sau utilizarea oric\u0103ror elemente din con\u021binutul sau designul site-ului nostru web f\u0103r\u0103 acordul nostru scris prealabil.<\/p><p>1.2 Limite de utilizare<\/p><p>a) V\u0103 este permis\u0103 utilizarea site-ului nostru web \u00een scopuri legale \u0219i conform destina\u021biei sale prev\u0103zute. Nu ave\u021bi voie s\u0103 utiliza\u021bi site-ul \u00eentr-un mod care ar putea dauna, afecta sau interfera cu func\u021bionarea acestuia sau cu securitatea sa.<\/p><p>b) Nu ave\u021bi voie s\u0103 accesa\u021bi sau s\u0103 utiliza\u021bi anumite p\u0103r\u021bi ale site-ului nostru web care sunt protejate prin m\u0103suri tehnice de securitate. Orice \u00eencercare de a face acest lucru poate constitui o \u00eenc\u0103lcare a legilor relevante \u00een materie de drepturi de autor \u0219i alte legi aplicabile.<\/p><p>c) Nu ave\u021bi voie s\u0103 utiliza\u021bi site-ul nostru web \u00eentr-un mod care ar putea afecta negativ experien\u021ba altor utilizatori sau care ar putea provoca daune sau perturb\u0103ri \u00een re\u021beaua noastr\u0103.<\/p><p>1.3 Con\u021binut generat de utilizatori<\/p><p>Dac\u0103 alege\u021bi s\u0103 \u00eenc\u0103rca\u021bi sau s\u0103 trimite\u021bi con\u021binut generat de utilizatori pe site-ul nostru web, v\u0103 acorda\u021bi Companiei un drept nelimitat, neexclusiv, gratuit, transferabil \u0219i sublicen\u021biat de a utiliza, reproduce, modifica, adapta, publica, traduce, distribui \u0219i afi\u0219a acest con\u021binut \u00een orice mediu \u0219i \u00een orice form\u0103.<\/p><h5>2.Politica de confiden\u021bialitate<\/h5><p>Utilizarea informa\u021biilor cu caracter personal furnizate de dvs. este guvernat\u0103 de politica noastr\u0103 de confiden\u021bialitate. V\u0103 rug\u0103m s\u0103 citi\u021bi cu aten\u021bie politica noastr\u0103 de confiden\u021bialitate pentru a \u00een\u021belege cum colect\u0103m, utiliz\u0103m \u0219i protej\u0103m informa\u021biile dvs. cu caracter personal.<\/p><h5>3.Exonerare de r\u0103spundere<\/h5><p>3.1 Excluderea garan\u021biilor<\/p><p>Site-ul nostru web este furnizat pe principiul &#8222;a\u0219a cum este&#8221; \u0219i &#8222;a\u0219a cum este disponibil&#8221;, f\u0103r\u0103 garan\u021bii de orice fel, exprese sau implicite. Compania nu garanteaz\u0103 c\u0103 site-ul nostru web va fi disponibil \u00een mod ne\u00eentrerupt, sigur sau f\u0103r\u0103 erori.<\/p><p>3.2 Limitarea r\u0103spunderii<\/p><p>\u00cen m\u0103sura maxim\u0103 permis\u0103 de lege, Compania nu va fi responsabil\u0103 pentru orice daune directe, indirecte, incidentale, speciale sau punitive, inclusiv, dar f\u0103r\u0103 a se limita la, pierderea profiturilor, veniturilor, economiilor sau datelor, rezult\u00e2nd din utilizarea sau imposibilitatea utiliz\u0103rii site-ului nostru web.<\/p><h5>4.Modific\u0103ri ale Termenilor \u0219i Condi\u021biilor<\/h5><p>Ne rezerv\u0103m dreptul de a modifica ace\u0219ti Termeni \u0219i Condi\u021bii \u00een orice moment, prin actualizarea acestei pagini web. Va fi afi\u0219at\u0103 data ultimei actualiz\u0103ri la \u00eenceputul acestor Termeni \u0219i Condi\u021bii. Continuarea utiliz\u0103rii site-ului nostru web dup\u0103 modific\u0103rile aduse acestor Termeni constituie acceptarea dvs. a Termenilor modifica\u021bi.<\/p><h5>5.Legisla\u021bie aplicabil\u0103<\/h5><p>Ace\u0219ti Termeni \u0219i Condi\u021bii sunt guverna\u021bi de legile Rom\u00e2niei \u0219i orice litigiu derivat din ace\u0219ti Termeni va fi supus jurisdic\u021biei exclusive a tribunalelor rom\u00e2ne competente.<\/p><p>Pentru \u00eentreb\u0103ri sau clarific\u0103ri cu privire la ace\u0219ti Termeni \u0219i Condi\u021bii, v\u0103 rug\u0103m s\u0103 ne contacta\u021bi prin intermediul informa\u021biilor de contact furnizate pe site-ul nostru web.<\/p>\t\t\t\t\t\t<\/div>\n\t\t\t\t<\/div>\n\t\t\t\t\t<\/div>\n\t\t<\/div>\n\t\t\t\t\t\t\t<\/div>\n\t\t<\/section>\n\t\t\t\t\t\t\t<\/div>","protected":false},"excerpt":{"rendered":"<p>TERMENI \u0218I CONDI\u021aII Ultima actualizare: 01.05.2023 V\u0103 rug\u0103m s\u0103 citi\u021bi cu aten\u021bie ace\u0219ti Termeni \u0219i Condi\u021bii (&#8222;Termeni&#8221;) \u00eenainte de a utiliza site-ul web al companiei SEEI TECHNOLOGY S.R.L. (&#8222;Compania&#8221;, &#8222;Noi&#8221;, &#8222;Nostru&#8221;). Acces\u00e2nd sau utiliz\u00e2nd \u00een orice mod site-ul nostru web, sunte\u021bi de acord s\u0103 respecta\u021bi \u0219i s\u0103 fi\u021bi obligat de ace\u0219ti Termeni. Dac\u0103 nu sunte\u021bi [&hellip;]<\/p>","protected":false},"author":1,"featured_media":0,"parent":0,"menu_order":0,"comment_status":"closed","ping_status":"closed","template":"","meta":{"footnotes":""},"_links":{"self":[{"href":"https:\/\/www.seeitechnology.com\/en\/wp-json\/wp\/v2\/pages\/13802"}],"collection":[{"href":"https:\/\/www.seeitechnology.com\/en\/wp-json\/wp\/v2\/pages"}],"about":[{"href":"https:\/\/www.seeitechnology.com\/en\/wp-json\/wp\/v2\/types\/page"}],"author":[{"embeddable":true,"href":"https:\/\/www.seeitechnology.com\/en\/wp-json\/wp\/v2\/users\/1"}],"replies":[{"embeddable":true,"href":"https:\/\/www.seeitechnology.com\/en\/wp-json\/wp\/v2\/comments?post=13802"}],"version-history":[{"count":4,"href":"https:\/\/www.seeitechnology.com\/en\/wp-json\/wp\/v2\/pages\/13802\/revisions"}],"predecessor-version":[{"id":13809,"href":"https:\/\/www.seeitechnology.com\/en\/wp-json\/wp\/v2\/pages\/13802\/revisions\/13809"}],"wp:attachment":[{"href":"https:\/\/www.seeitechnology.com\/en\/wp-json\/wp\/v2\/media?parent=13802"}],"curies":[{"name":"wp","href":"https:\/\/api.w.org\/{rel}","templated":true}]}}