{"id":13794,"date":"2023-06-09T20:52:56","date_gmt":"2023-06-09T18:52:56","guid":{"rendered":"https:\/\/www.seeitechnology.com\/?page_id=13794"},"modified":"2023-07-31T11:10:55","modified_gmt":"2023-07-31T09:10:55","slug":"politica-de-confidentialitate","status":"publish","type":"page","link":"https:\/\/www.seeitechnology.com\/en\/politica-de-confidentialitate\/","title":{"rendered":"Politica de Confiden\u021bialitate"},"content":{"rendered":"<div data-elementor-type=\"wp-page\" data-elementor-id=\"13794\" class=\"elementor elementor-13794\">\n\t\t\t\t\t\t\t\t\t<section class=\"elementor-section elementor-top-section elementor-element elementor-element-044dd8e elementor-section-boxed elementor-section-height-default elementor-section-height-default\" data-id=\"044dd8e\" data-element_type=\"section\">\n\t\t\t\t\t\t<div class=\"elementor-container elementor-column-gap-default\">\n\t\t\t\t\t<div class=\"elementor-column elementor-col-100 elementor-top-column elementor-element elementor-element-0c611aa\" data-id=\"0c611aa\" data-element_type=\"column\">\n\t\t\t<div class=\"elementor-widget-wrap elementor-element-populated\">\n\t\t\t\t\t\t\t\t<div class=\"elementor-element elementor-element-565abbf elementor-widget elementor-widget-text-editor\" data-id=\"565abbf\" data-element_type=\"widget\" data-widget_type=\"text-editor.default\">\n\t\t\t\t<div class=\"elementor-widget-container\">\n\t\t\t<style>\/*! elementor - v3.12.1 - 02-04-2023 *\/\n.elementor-widget-text-editor.elementor-drop-cap-view-stacked .elementor-drop-cap{background-color:#69727d;color:#fff}.elementor-widget-text-editor.elementor-drop-cap-view-framed .elementor-drop-cap{color:#69727d;border:3px solid;background-color:transparent}.elementor-widget-text-editor:not(.elementor-drop-cap-view-default) .elementor-drop-cap{margin-top:8px}.elementor-widget-text-editor:not(.elementor-drop-cap-view-default) .elementor-drop-cap-letter{width:1em;height:1em}.elementor-widget-text-editor .elementor-drop-cap{float:left;text-align:center;line-height:1;font-size:50px}.elementor-widget-text-editor .elementor-drop-cap-letter{display:inline-block}<\/style>\t\t\t\t<h1>Politica de Confiden\u021bialitate a SEEI TECHNOLOGY S.R.L.<\/h1><p>Data ultimei actualiz\u0103ri: 01.05.2023<\/p><p>V\u0103 mul\u021bumim c\u0103 a\u021bi ales s\u0103 utiliza\u021bi serviciile oferite de SEEI TECHNOLOGY S.R.L. (denumit\u0103 \u00een continuare &#8222;noi&#8221;, &#8222;compania&#8221; sau &#8222;SEEI TECHNOLOGY&#8221;). Ne lu\u0103m foarte \u00een serios protejarea confiden\u021bialit\u0103\u021bii datelor dumneavoastr\u0103 \u0219i ne angaj\u0103m s\u0103 respect\u0103m \u0219i s\u0103 protej\u0103m informa\u021biile cu caracter personal pe care ni le furniza\u021bi. Aceast\u0103 Politic\u0103 de Confiden\u021bialitate explic\u0103 modul \u00een care colect\u0103m, utiliz\u0103m \u0219i protej\u0103m informa\u021biile dumneavoastr\u0103 cu caracter personal atunci c\u00e2nd interac\u021biona\u021bi cu site-ul nostru web \u0219i alte servicii oferite de SEEI TECHNOLOGY.<\/p><h5>1. Informa\u021bii colectate<\/h5><p>1.1 Informa\u021bii furnizate de dumneavoastr\u0103 C\u00e2nd utiliza\u021bi serviciile noastre, pute\u021bi furniza anumite informa\u021bii cu caracter personal, cum ar fi numele, adresa de e-mail, num\u0103rul de telefon sau alte date necesare pentru furnizarea serviciilor solicitate sau pentru a r\u0103spunde la \u00eentreb\u0103rile \u0219i solicit\u0103rile dumneavoastr\u0103. Aceste informa\u021bii pot fi colectate atunci c\u00e2nd v\u0103 \u00eenregistra\u021bi pe site-ul nostru, completa\u021bi formulare, comunica\u021bi cu noi prin e-mail sau altfel interac\u021biona\u021bi cu serviciile noastre.<\/p><p>1.2 Informa\u021bii colectate automat Atunci c\u00e2nd interac\u021biona\u021bi cu site-ul nostru, putem colecta automat anumite informa\u021bii despre dispozitivul dumneavoastr\u0103 \u0219i despre modul \u00een care utiliza\u021bi serviciile noastre. Aceste informa\u021bii pot include adresa IP, tipul de browser, paginile vizitate, timpul petrecut pe site \u0219i alte statistici relevante. Colectarea acestor informa\u021bii ne ajut\u0103 s\u0103 \u00een\u021belegem mai bine cum utiliza\u021bi serviciile noastre \u0219i s\u0103 \u00eembun\u0103t\u0103\u021bim experien\u021ba utilizatorului.<\/p><h5>2.Utilizarea informa\u021biilor<\/h5><p>2.1 Furnizarea \u0219i administrarea serviciilor Utiliz\u0103m informa\u021biile dumneavoastr\u0103 cu caracter personal pentru a furniza serviciile solicitate \u0219i pentru a administra contul dumneavoastr\u0103. Aceasta include, dar nu se limiteaz\u0103 la, procesarea comenzilor, furnizarea de asisten\u021b\u0103 tehnic\u0103, comunicarea cu dumneavoastr\u0103 \u00een leg\u0103tur\u0103 cu serviciile noastre \u0219i oferirea de actualiz\u0103ri \u0219i notific\u0103ri relevante.<\/p><p>2.2 Personalizarea \u0219i \u00eembun\u0103t\u0103\u021birea serviciilor Putem utiliza informa\u021biile colectate pentru a personaliza \u0219i \u00eembun\u0103t\u0103\u021bi serviciile noastre. Aceasta poate include adaptarea con\u021binutului \u0219i ofertelor \u00een func\u021bie de interesele \u0219i preferin\u021bele dumneavoastr\u0103, \u00eembun\u0103t\u0103\u021birea func\u021bionalit\u0103\u021bii site-ului nostru \u0219i dezvoltarea de noi caracteristici \u0219i servicii.<\/p><p>2.3 Comunic\u0103ri de marketing Dac\u0103 a\u021bi dat consim\u021b\u0103m\u00e2ntul, putem utiliza informa\u021biile dumneavoastr\u0103 pentru a v\u0103 trimite comunic\u0103ri de marketing referitoare la produsele \u0219i serviciile noastre, inclusiv actualiz\u0103ri, oferte speciale sau informa\u021bii relevante. Ave\u021bi posibilitatea de a v\u0103 dezabona de la aceste comunic\u0103ri \u00een orice moment.<\/p><h5>3.Divulgarea informa\u021biilor c\u0103tre ter\u021bi<\/h5><p>3.1 Furnizori de servicii Putem dezv\u0103lui informa\u021biile dumneavoastr\u0103 cu caracter personal c\u0103tre furnizorii no\u0219tri de servicii care ne asist\u0103 \u00een furnizarea \u0219i administrarea serviciilor noastre. Ace\u0219ti furnizori de servicii sunt obliga\u021bi s\u0103 p\u0103streze confiden\u021bialitatea informa\u021biilor \u0219i s\u0103 le utilizeze numai \u00een scopul prest\u0103rii serviciilor conform instruc\u021biunilor noastre.<\/p><p>3.2 Cerin\u021be legale Ne putem dezv\u0103lui informa\u021biile dumneavoastr\u0103 cu caracter personal atunci c\u00e2nd suntem obliga\u021bi s\u0103 facem acest lucru de c\u0103tre lege sau \u00een conformitate cu procesele legale, cum ar fi cererile de la autorit\u0103\u021bile guvernamentale sau \u00een contextul unui litigiu \u00een curs.<\/p><h5>4.Securitatea informa\u021biilor<\/h5><p>Ne angaj\u0103m s\u0103 protej\u0103m informa\u021biile dumneavoastr\u0103 cu caracter personal utiliz\u00e2nd m\u0103suri de securitate tehnice \u0219i organizatorice adecvate pentru a preveni accesul neautorizat, utilizarea sau dezv\u0103luirea acestora. Cu toate acestea, trebuie s\u0103 fi\u021bi con\u0219tien\u021bi c\u0103 nicio metod\u0103 de transmitere a datelor pe internet sau de stocare electronic\u0103 nu este complet sigur\u0103, iar SEEI TECHNOLOGY nu poate garanta securitatea absolut\u0103 a informa\u021biilor dumneavoastr\u0103.<\/p><h5>5.Drepturile dumneavoastr\u0103<\/h5><p>Conform legisla\u021biei privind protec\u021bia datelor, ave\u021bi anumite drepturi \u00een ceea ce prive\u0219te informa\u021biile dumneavoastr\u0103 cu caracter personal. Aceste drepturi includ dreptul de a solicita accesul la informa\u021biile dumneavoastr\u0103, de a le rectifica sau \u0219terge, de a restric\u021biona procesarea sau de a v\u0103 opune proces\u0103rii. Pentru a exercita aceste drepturi sau pentru orice \u00eentreb\u0103ri referitoare la aceast\u0103 Politic\u0103 de Confiden\u021bialitate, v\u0103 rug\u0103m s\u0103 ne contacta\u021bi utiliz\u00e2nd detaliile de contact de mai jos.<\/p><h5>6.Modific\u0103ri ale Politicii de Confiden\u021bialitate<\/h5><p>Aceast\u0103 Politic\u0103 de Confiden\u021bialitate poate fi actualizat\u0103 din c\u00e2nd \u00een c\u00e2nd pentru a reflecta modific\u0103ri ale practicilor noastre de confiden\u021bialitate. V\u0103 rug\u0103m s\u0103 revizui\u021bi periodic aceast\u0103 pagin\u0103 pentru a fi la curent cu orice modific\u0103ri. Orice modific\u0103ri vor intra \u00een vigoare imediat dup\u0103 publicarea lor pe aceast\u0103 pagin\u0103.<\/p><h5>7.Contacta\u021bi-ne<\/h5><p>Dac\u0103 ave\u021bi \u00eentreb\u0103ri, preocup\u0103ri sau solicita\u021bii referitoare la aceast\u0103 Politic\u0103 de Confiden\u021bialitate sau la modul \u00een care SEEI TECHNOLOGY gestioneaz\u0103 informa\u021biile dumneavoastr\u0103 cu caracter personal, v\u0103 rug\u0103m s\u0103 ne contacta\u021bi la adresa de e-mail <a class=\"display-29 display-md-28 display-xl-27\" href=\"mailto:office@seeitechnology.com\">office@seeitechnology.com<\/a> sau prin po\u0219t\u0103 la adresa Cluj-Napoca \u2014 Strada Turturicii 3,\u00a0 400365, Rom\u00e2nia.<\/p>\t\t\t\t\t\t<\/div>\n\t\t\t\t<\/div>\n\t\t\t\t\t<\/div>\n\t\t<\/div>\n\t\t\t\t\t\t\t<\/div>\n\t\t<\/section>\n\t\t\t\t\t\t\t<\/div>","protected":false},"excerpt":{"rendered":"<p>Politica de Confiden\u021bialitate a SEEI TECHNOLOGY S.R.L. Data ultimei actualiz\u0103ri: 01.05.2023 V\u0103 mul\u021bumim c\u0103 a\u021bi ales s\u0103 utiliza\u021bi serviciile oferite de SEEI TECHNOLOGY S.R.L. (denumit\u0103 \u00een continuare &#8222;noi&#8221;, &#8222;compania&#8221; sau &#8222;SEEI TECHNOLOGY&#8221;). Ne lu\u0103m foarte \u00een serios protejarea confiden\u021bialit\u0103\u021bii datelor dumneavoastr\u0103 \u0219i ne angaj\u0103m s\u0103 respect\u0103m \u0219i s\u0103 protej\u0103m informa\u021biile cu caracter personal pe care [&hellip;]<\/p>","protected":false},"author":1,"featured_media":0,"parent":0,"menu_order":0,"comment_status":"closed","ping_status":"closed","template":"","meta":{"footnotes":""},"_links":{"self":[{"href":"https:\/\/www.seeitechnology.com\/en\/wp-json\/wp\/v2\/pages\/13794"}],"collection":[{"href":"https:\/\/www.seeitechnology.com\/en\/wp-json\/wp\/v2\/pages"}],"about":[{"href":"https:\/\/www.seeitechnology.com\/en\/wp-json\/wp\/v2\/types\/page"}],"author":[{"embeddable":true,"href":"https:\/\/www.seeitechnology.com\/en\/wp-json\/wp\/v2\/users\/1"}],"replies":[{"embeddable":true,"href":"https:\/\/www.seeitechnology.com\/en\/wp-json\/wp\/v2\/comments?post=13794"}],"version-history":[{"count":6,"href":"https:\/\/www.seeitechnology.com\/en\/wp-json\/wp\/v2\/pages\/13794\/revisions"}],"predecessor-version":[{"id":13801,"href":"https:\/\/www.seeitechnology.com\/en\/wp-json\/wp\/v2\/pages\/13794\/revisions\/13801"}],"wp:attachment":[{"href":"https:\/\/www.seeitechnology.com\/en\/wp-json\/wp\/v2\/media?parent=13794"}],"curies":[{"name":"wp","href":"https:\/\/api.w.org\/{rel}","templated":true}]}}